{"id":1915,"date":"2020-08-14T22:53:29","date_gmt":"2020-08-15T02:53:29","guid":{"rendered":"https:\/\/memoriaaudiovisual.cl\/solidaridad-que-traspasa-fronteras\/?page_id=1915"},"modified":"2020-08-18T10:56:21","modified_gmt":"2020-08-18T14:56:21","slug":"saludo","status":"publish","type":"page","link":"https:\/\/memoriaaudiovisual.cl\/solidaridad-que-traspasa-fronteras\/saludo\/","title":{"rendered":"Video comp"},"content":{"rendered":"\n<div class=\"wp-block-columns ctvideo has-background\" style=\"background-color:#b9cdc8\">\n<div class=\"wp-block-column\" style=\"flex-basis:70%\">\n<figure class=\"wp-block-video\"><video controls poster=\"https:\/\/memoriaaudiovisual.cl\/solidaridad-que-traspasa-fronteras\/wp-content\/uploads\/2020\/08\/cover2.png\" preload=\"none\" src=\"https:\/\/memoriaaudiovisual.cl\/solidaridad-que-traspasa-fronteras\/wp-content\/uploads\/2020\/08\/MASTER-MENSAJE-PARA-CHILE-x-MMDH_1.mp4\" playsinline><\/video><\/figure>\n\n\n\n<p><\/p>\n<\/div>\n\n\n\n<div class=\"wp-block-column\" style=\"flex-basis:0%\"><\/div>\n\n\n\n<div class=\"wp-block-column\" style=\"flex-basis:25%\">\n<p class=\"videotitulo\">Saludos solidarios al pueblo chileno movilizado.<\/p>\n\n\n\n<p class=\"videoparrafo\">Artistas, intelectuales, pol\u00edticos, ciudadanas y ciudadanos de diversos pa\u00edses env\u00edan un mensaje al pueblo chileno del estallido social durante el evento de solidaridad Impact Chili 2020, organizado en el Teatro Chatelet de Par\u00eds, Francia, por la Asamblea de Chilenos en Paris Amnesty Internacional y la Comisi\u00f3n Chilena de Derechos Humanos, el 1 de febrero de 2020.<\/p>\n\n\n\n<p class=\"videoparrafo\">C\u00e1mara y edici\u00f3n: Francisco Brzovic.<br>Sonido directo: Sergio Henriquez.<br>Colabor\u00f3: Marjorie Pino, Pascale Cognet.<br>Log\u00edstica: Nathalie Aubaret, Vincent Levery, Ana Uribe, \u00c1lvaro Rojas.<\/p>\n\n\n\n<p class=\"videoparrafo\">Si quieres revisar m\u00e1s acciones culturales de solidaridad realizadas en Francia, visita la p\u00e1gina \u201cEstallido creativo\u201d del artista gr\u00e1fico y realizador Francisco Brzovic.<\/p>\n\n\n\n<div class=\"wp-block-image\"><figure class=\"alignleft size-large is-resized\"><a href=\"https:\/\/estallidocreativo.myportfolio.com\/\" target=\"_blank\" rel=\"noopener noreferrer\"><img loading=\"lazy\" src=\"https:\/\/memoriaaudiovisual.cl\/solidaridad-que-traspasa-fronteras\/wp-content\/uploads\/2020\/08\/irapagina.svg\" alt=\"\" class=\"wp-image-1919\" width=\"150\" height=\"58\"\/><\/a><\/figure><\/div>\n<\/div>\n<\/div>\n\n\n\n<p><\/p>\n","protected":false},"excerpt":{"rendered":"<p>Saludos solidarios al pueblo chileno movilizado. Artistas, intelectuales, pol\u00edticos, ciudadanas y ciudadanos de diversos pa\u00edses env\u00edan un mensaje al pueblo chileno del estallido social durante el evento de solidaridad Impact Chili 2020, organizado en el Teatro Chatelet de Par\u00eds, Francia, por la Asamblea de Chilenos en Paris Amnesty Internacional y la Comisi\u00f3n Chilena de Derechos &hellip;<\/p>\n<p class=\"read-more\"> <a class=\"\" href=\"https:\/\/memoriaaudiovisual.cl\/solidaridad-que-traspasa-fronteras\/saludo\/\"> <span class=\"screen-reader-text\">Video comp<\/span> Leer m\u00e1s &raquo;<\/a><\/p>\n","protected":false},"author":2,"featured_media":0,"parent":0,"menu_order":0,"comment_status":"closed","ping_status":"closed","template":"","meta":[],"_links":{"self":[{"href":"https:\/\/memoriaaudiovisual.cl\/solidaridad-que-traspasa-fronteras\/wp-json\/wp\/v2\/pages\/1915"}],"collection":[{"href":"https:\/\/memoriaaudiovisual.cl\/solidaridad-que-traspasa-fronteras\/wp-json\/wp\/v2\/pages"}],"about":[{"href":"https:\/\/memoriaaudiovisual.cl\/solidaridad-que-traspasa-fronteras\/wp-json\/wp\/v2\/types\/page"}],"author":[{"embeddable":true,"href":"https:\/\/memoriaaudiovisual.cl\/solidaridad-que-traspasa-fronteras\/wp-json\/wp\/v2\/users\/2"}],"replies":[{"embeddable":true,"href":"https:\/\/memoriaaudiovisual.cl\/solidaridad-que-traspasa-fronteras\/wp-json\/wp\/v2\/comments?post=1915"}],"version-history":[{"count":19,"href":"https:\/\/memoriaaudiovisual.cl\/solidaridad-que-traspasa-fronteras\/wp-json\/wp\/v2\/pages\/1915\/revisions"}],"predecessor-version":[{"id":1944,"href":"https:\/\/memoriaaudiovisual.cl\/solidaridad-que-traspasa-fronteras\/wp-json\/wp\/v2\/pages\/1915\/revisions\/1944"}],"wp:attachment":[{"href":"https:\/\/memoriaaudiovisual.cl\/solidaridad-que-traspasa-fronteras\/wp-json\/wp\/v2\/media?parent=1915"}],"curies":[{"name":"wp","href":"https:\/\/api.w.org\/{rel}","templated":true}]}}